{"id":908883,"date":"2014-07-17T13:07:27","date_gmt":"2014-07-17T13:07:27","guid":{"rendered":"https:\/\/www.marksandharrison.com\/inicio\/"},"modified":"2025-11-19T17:50:21","modified_gmt":"2025-11-19T17:50:21","slug":"inicio","status":"publish","type":"page","link":"https:\/\/marksandharrison-old.cwdevelop.com\/es\/","title":{"rendered":"Inicio"},"content":{"rendered":"<h2 class=\"h1-heading lines-left\">Su primera llamada para obtener ayuda legal<\/h2>\n<p>Ya sea que haya sufrido un accidente o necesite ayuda con sus beneficios por discapacidad, los abogados de lesiones de Marks &amp; Harrison est\u00e1n aqu\u00ed para ofrecerle la orientaci\u00f3n legal en la que puede confiar. Durante m\u00e1s de 100 a\u00f1os, nuestro bufete ha ayudado a personas como usted a obtener la m\u00e1xima compensaci\u00f3n por lesiones personales, negligencia m\u00e9dica y accidentes laborales. Nuestros abogados no cobran honorarios por adelantado \u2014 usted solo paga si ganamos su caso.<\/p>\n<p><a class=\"btn btn-std\" href=\"https:\/\/www.marksandharrison.com\/marks-harrison\/\">M\u00e1s informaci\u00f3n sobre nuestro bufete de abogados<\/a><\/p>\n","protected":false},"excerpt":{"rendered":"<p>Su primera llamada para obtener ayuda legal Ya sea que haya sufrido un accidente o necesite ayuda con sus beneficios por discapacidad, los abogados de lesiones de Marks &amp; Harrison est\u00e1n aqu\u00ed para ofrecerle la orientaci\u00f3n legal en la que puede confiar. Durante m\u00e1s de 100 a\u00f1os, nuestro bufete ha&#8230;<\/p>\n","protected":false},"author":3,"featured_media":0,"parent":0,"menu_order":2,"comment_status":"open","ping_status":"open","template":"","meta":{"_acf_changed":false,"footnotes":""},"class_list":["post-908883","page","type-page","status-publish","hentry"],"acf":[],"yoast_head":"<!-- This site is optimized with the Yoast SEO plugin v27.2 - https:\/\/yoast.com\/product\/yoast-seo-wordpress\/ -->\n<title>Abogado de lesiones personales en Richmond - Marks &amp; Harrison<\/title>\n<meta name=\"description\" content=\"\u00bfNecesita un abogado de lesiones personales y accidentes en Richmond, Virginia? Le ayudamos con accidentes de coche, casos de indemnizaci\u00f3n laboral y mucho m\u00e1s.\" \/>\n<meta name=\"robots\" content=\"noindex, follow, max-snippet:-1, max-image-preview:large, max-video-preview:-1\" \/>\n<meta property=\"og:locale\" content=\"es_ES\" \/>\n<meta property=\"og:type\" content=\"article\" \/>\n<meta property=\"og:title\" content=\"Abogado de lesiones personales en Richmond - Marks &amp; Harrison\" \/>\n<meta property=\"og:description\" content=\"\u00bfNecesita un abogado de lesiones personales y accidentes en Richmond, Virginia? Le ayudamos con accidentes de coche, casos de indemnizaci\u00f3n laboral y mucho m\u00e1s.\" \/>\n<meta property=\"og:url\" content=\"https:\/\/marksandharrison-old.cwdevelop.com\/es\/\" \/>\n<meta property=\"og:site_name\" content=\"Marks &amp; Harrison\" \/>\n<meta property=\"article:publisher\" content=\"https:\/\/www.facebook.com\/marksandharrison\/\" \/>\n<meta property=\"article:modified_time\" content=\"2025-11-19T17:50:21+00:00\" \/>\n<meta name=\"twitter:card\" content=\"summary_large_image\" \/>\n<meta name=\"twitter:site\" content=\"@MandHLaw\" \/>\n<meta name=\"twitter:label1\" content=\"Tiempo de lectura\" \/>\n\t<meta name=\"twitter:data1\" content=\"1 minuto\" \/>\n<!-- \/ Yoast SEO plugin. -->","yoast_head_json":{"title":"Abogado de lesiones personales en Richmond - Marks & Harrison","description":"\u00bfNecesita un abogado de lesiones personales y accidentes en Richmond, Virginia? Le ayudamos con accidentes de coche, casos de indemnizaci\u00f3n laboral y mucho m\u00e1s.","robots":{"index":"noindex","follow":"follow","max-snippet":"max-snippet:-1","max-image-preview":"max-image-preview:large","max-video-preview":"max-video-preview:-1"},"og_locale":"es_ES","og_type":"article","og_title":"Abogado de lesiones personales en Richmond - Marks & Harrison","og_description":"\u00bfNecesita un abogado de lesiones personales y accidentes en Richmond, Virginia? Le ayudamos con accidentes de coche, casos de indemnizaci\u00f3n laboral y mucho m\u00e1s.","og_url":"https:\/\/marksandharrison-old.cwdevelop.com\/es\/","og_site_name":"Marks &amp; Harrison","article_publisher":"https:\/\/www.facebook.com\/marksandharrison\/","article_modified_time":"2025-11-19T17:50:21+00:00","twitter_card":"summary_large_image","twitter_site":"@MandHLaw","twitter_misc":{"Tiempo de lectura":"1 minuto"},"schema":{"@context":"https:\/\/schema.org","@graph":[{"@type":"WebPage","@id":"https:\/\/marksandharrison-old.cwdevelop.com\/es\/","url":"https:\/\/marksandharrison-old.cwdevelop.com\/es\/","name":"Abogado de lesiones personales en Richmond - Marks & Harrison","isPartOf":{"@id":"https:\/\/marksandharrison-old.cwdevelop.com\/#website"},"datePublished":"2014-07-17T13:07:27+00:00","dateModified":"2025-11-19T17:50:21+00:00","description":"\u00bfNecesita un abogado de lesiones personales y accidentes en Richmond, Virginia? Le ayudamos con accidentes de coche, casos de indemnizaci\u00f3n laboral y mucho m\u00e1s.","breadcrumb":{"@id":"https:\/\/marksandharrison-old.cwdevelop.com\/es\/#breadcrumb"},"inLanguage":"es","potentialAction":[{"@type":"ReadAction","target":["https:\/\/marksandharrison-old.cwdevelop.com\/es\/"]}]},{"@type":"BreadcrumbList","@id":"https:\/\/marksandharrison-old.cwdevelop.com\/es\/#breadcrumb","itemListElement":[{"@type":"ListItem","position":1,"name":"Home","item":"https:\/\/marksandharrison-old.cwdevelop.com\/es\/"},{"@type":"ListItem","position":2,"name":"Inicio"}]},{"@type":"WebSite","@id":"https:\/\/marksandharrison-old.cwdevelop.com\/#website","url":"https:\/\/marksandharrison-old.cwdevelop.com\/","name":"Marks &amp; Harrison","description":"","publisher":{"@id":"https:\/\/marksandharrison-old.cwdevelop.com\/#organization"},"potentialAction":[{"@type":"SearchAction","target":{"@type":"EntryPoint","urlTemplate":"https:\/\/marksandharrison-old.cwdevelop.com\/?s={search_term_string}"},"query-input":{"@type":"PropertyValueSpecification","valueRequired":true,"valueName":"search_term_string"}}],"inLanguage":"es"},{"@type":"Organization","@id":"https:\/\/marksandharrison-old.cwdevelop.com\/#organization","name":"Marks & Harrison","url":"https:\/\/marksandharrison-old.cwdevelop.com\/","logo":{"@type":"ImageObject","inLanguage":"es","@id":"https:\/\/marksandharrison-old.cwdevelop.com\/#\/schema\/logo\/image\/","url":"https:\/\/www.marksandharrison.com\/wp-content\/uploads\/2020\/04\/logo.png","contentUrl":"https:\/\/www.marksandharrison.com\/wp-content\/uploads\/2020\/04\/logo.png","width":224,"height":83,"caption":"Marks & Harrison"},"image":{"@id":"https:\/\/marksandharrison-old.cwdevelop.com\/#\/schema\/logo\/image\/"},"sameAs":["https:\/\/www.facebook.com\/marksandharrison\/","https:\/\/x.com\/MandHLaw","https:\/\/www.linkedin.com\/company\/marks-&amp;-harrison\/","https:\/\/www.youtube.com\/channel\/UCRi1kc4BH8gI0V9M56V6WJw"]}]}},"_links":{"self":[{"href":"https:\/\/marksandharrison-old.cwdevelop.com\/es\/wp-json\/wp\/v2\/pages\/908883","targetHints":{"allow":["GET"]}}],"collection":[{"href":"https:\/\/marksandharrison-old.cwdevelop.com\/es\/wp-json\/wp\/v2\/pages"}],"about":[{"href":"https:\/\/marksandharrison-old.cwdevelop.com\/es\/wp-json\/wp\/v2\/types\/page"}],"author":[{"embeddable":true,"href":"https:\/\/marksandharrison-old.cwdevelop.com\/es\/wp-json\/wp\/v2\/users\/3"}],"replies":[{"embeddable":true,"href":"https:\/\/marksandharrison-old.cwdevelop.com\/es\/wp-json\/wp\/v2\/comments?post=908883"}],"version-history":[{"count":7,"href":"https:\/\/marksandharrison-old.cwdevelop.com\/es\/wp-json\/wp\/v2\/pages\/908883\/revisions"}],"predecessor-version":[{"id":913472,"href":"https:\/\/marksandharrison-old.cwdevelop.com\/es\/wp-json\/wp\/v2\/pages\/908883\/revisions\/913472"}],"wp:attachment":[{"href":"https:\/\/marksandharrison-old.cwdevelop.com\/es\/wp-json\/wp\/v2\/media?parent=908883"}],"curies":[{"name":"wp","href":"https:\/\/api.w.org\/{rel}","templated":true}]}}