{"id":910388,"date":"2025-04-29T16:41:57","date_gmt":"2025-04-29T16:41:57","guid":{"rendered":"https:\/\/www.marksandharrison.com\/?page_id=910388"},"modified":"2026-03-11T16:56:56","modified_gmt":"2026-03-11T16:56:56","slug":"accidentes-de-motocicleta","status":"publish","type":"page","link":"https:\/\/marksandharrison-old.cwdevelop.com\/es\/accidentes-de-motocicleta\/","title":{"rendered":"Abogado de Accidente de Motocicleta en Richmond"},"content":{"rendered":"<p><span style=\"font-weight: 400;\">El encanto de la carretera abierta ha atra\u00eddo a muchas personas a la libertad que ofrecen las motocicletas. Puede encontrar hoy m\u00e1s motocicletas en las carreteras de los Estados Unidos que antes, como lo demuestra el incremento constante de las matriculaciones de motocicletas.\u00a0<\/span><\/p>\n<p><span style=\"font-weight: 400;\">Durante el lapso de 10 a\u00f1os m\u00e1s reciente, el n\u00famero de motocicletas registradas en nuestro pa\u00eds aument\u00f3 en 962,278, o un aumento del 12 por ciento, de acuerdo con la Administraci\u00f3n Nacional de Seguridad del Tr\u00e1fico en las Carreteras.\u00a0 Actualmente, cerca de 9 millones de motocicletas matriculadas circulan en nuestras carreteras.<\/span><\/p>\n<p><span style=\"font-weight: 400;\">Afortunadamente, en Virginia, las estad\u00edsticas indican que el incremento de motociclistas no ha llevado a un aumento de accidentes, lesiones o muertes. La Oficina de Seguridad Vial de Virginia reporta que un a\u00f1o reciente:\u00a0 <\/span><\/p>\n<ul>\n<li style=\"font-weight: 400;\" aria-level=\"1\"><span style=\"font-weight: 400;\">1,792 choques en Virginia involucraron motocicletas (un 15 por ciento menos que el a\u00f1o anterior)<\/span><\/li>\n<li style=\"font-weight: 400;\" aria-level=\"1\"><span style=\"font-weight: 400;\">87 de esos choques resultaron en muertes (una disminuci\u00f3n del 19 por cierto)<\/span><\/li>\n<li style=\"font-weight: 400;\" aria-level=\"1\"><span style=\"font-weight: 400;\">1,404 causaron lesiones (una ca\u00edda del 16 por ciento).\u00a0 <\/span><\/li>\n<\/ul>\n<p><span style=\"font-weight: 400;\">Sin embargo, debido a la negligencia de otros, el hecho es que andar en motocicleta puede ser una actividad peligrosa en nuestro estado.\u00a0 <\/span><\/p>\n<p><span style=\"font-weight: 400;\">Si result\u00f3 lesionado en un accidente de motocicleta por causas ajenas a usted, puede tener derecho a una compensaci\u00f3n por sus lesiones. Contacte a nuestros abogados de accidentes de motocicletas en Richmond en Marks &amp; Harrison hoy para una consulta gratuita, sin compromiso y confidencial, o env\u00ede una solicitud de evaluaci\u00f3n de caso en l\u00ednea.\u00a0 Adicionalmente a nuestra <\/span><a href=\"https:\/\/www.marksandharrison.com\/es\/?page_id=910763\"><span style=\"font-weight: 400;\">ubicaci\u00f3n en Richmond<\/span><\/a><span style=\"font-weight: 400;\">, tenemos oficinas en todo Virginia, incluyendo, <\/span><a href=\"https:\/\/www.marksandharrison.com\/es\/?page_id=910667\"><span style=\"font-weight: 400;\">Chesterfield<\/span><\/a><span style=\"font-weight: 400;\">, <\/span><a href=\"https:\/\/www.marksandharrison.com\/es\/?page_id=910703\"><span style=\"font-weight: 400;\">Harrisonburg<\/span><\/a><span style=\"font-weight: 400;\">, <\/span><a href=\"https:\/\/www.marksandharrison.com\/es\/?page_id=910721\"><span style=\"font-weight: 400;\">Hopewell<\/span><\/a><span style=\"font-weight: 400;\">, <\/span><a href=\"https:\/\/www.marksandharrison.com\/es\/?page_id=910749\"><span style=\"font-weight: 400;\">Petersburg<\/span><\/a><span style=\"font-weight: 400;\">, <\/span><a href=\"https:\/\/www.marksandharrison.com\/es\/?page_id=910650\"><span style=\"font-weight: 400;\">Charlottesville<\/span><\/a><span style=\"font-weight: 400;\">, <\/span><a href=\"https:\/\/www.marksandharrison.com\/es\/?page_id=910793\"><span style=\"font-weight: 400;\">Tappahannock<\/span><\/a><span style=\"font-weight: 400;\">, <\/span><a href=\"https:\/\/www.marksandharrison.com\/es\/?page_id=910735\"><span style=\"font-weight: 400;\">Louisa<\/span><\/a><span style=\"font-weight: 400;\">, <\/span><a href=\"https:\/\/www.marksandharrison.com\/es\/?page_id=910779\"><span style=\"font-weight: 400;\">Staunton<\/span><\/a><span style=\"font-weight: 400;\">, y <\/span><a href=\"https:\/\/www.marksandharrison.com\/es\/?page_id=910683\"><span style=\"font-weight: 400;\">Fredericksburg<\/span><\/a><span style=\"font-weight: 400;\">.<\/span><\/p>\n<h2><b>\u00bfCu\u00e1les son las lesiones comunes despu\u00e9s de un accidente de motocicleta en Richmond?<\/b><\/h2>\n<p><img loading=\"lazy\" decoding=\"async\" class=\"alignright wp-image-810152 size-medium\" src=\"https:\/\/www.marksandharrison.com\/wp-content\/uploads\/2020\/05\/common-motorcycle-injuries-223x300.jpg\" alt=\"A man with an injured foot after a motorcycle accident in Virginia. \" width=\"223\" height=\"300\" srcset=\"https:\/\/marksandharrison-old.cwdevelop.com\/wp-content\/uploads\/2020\/05\/common-motorcycle-injuries-223x300.jpg 223w, https:\/\/marksandharrison-old.cwdevelop.com\/wp-content\/uploads\/2020\/05\/common-motorcycle-injuries.jpg 475w\" sizes=\"auto, (max-width: 223px) 100vw, 223px\" \/>Como pr\u00e1cticamente las motocicletas no brindan protecci\u00f3n, los accidentes que involucran motocicletas pueden resultar en lesiones graves o incluso la muerte de sus conductores. La mayor\u00eda de los choques de motocicletas resultan en lesiones para el conductor. Las lesiones comunes de motocicleta incluyen:<\/p>\n<ul>\n<li style=\"font-weight: 400;\" aria-level=\"1\"><a href=\"https:\/\/www.marksandharrison.com\/traumatic-brain-injury\/\"><span style=\"font-weight: 400;\">Traumatismo craneoencef\u00e1lico<\/span><\/a><span style=\"font-weight: 400;\"> (TBI, por sus siglas en ingl\u00e9s)\u00a0<\/span><\/li>\n<li style=\"font-weight: 400;\" aria-level=\"1\"><span style=\"font-weight: 400;\">Amputaciones en extremidades<\/span><\/li>\n<li style=\"font-weight: 400;\" aria-level=\"1\"><a href=\"https:\/\/www.marksandharrison.com\/back-and-spine-injury\/\"><span style=\"font-weight: 400;\">Lesi\u00f3n de la m\u00e9dula espinal<\/span><\/a><span style=\"font-weight: 400;\">, a menudo resulta en par\u00e1lisis\u00a0<\/span><\/li>\n<li style=\"font-weight: 400;\" aria-level=\"1\"><a href=\"https:\/\/www.marksandharrison.com\/broken-bones-fractures\/\"><span style=\"font-weight: 400;\">Huesos rotos<\/span><\/a><span style=\"font-weight: 400;\">, particularmente en los pies y las piernas\u00a0<\/span><\/li>\n<li style=\"font-weight: 400;\" aria-level=\"1\"><span style=\"font-weight: 400;\">Fracturas y desfiguraci\u00f3n facial<\/span><\/li>\n<li style=\"font-weight: 400;\" aria-level=\"1\"><span style=\"font-weight: 400;\">Abrasiones cut\u00e1neas graves (conocidas como erupciones por la carretera)<\/span><\/li>\n<li style=\"font-weight: 400;\" aria-level=\"1\"><a href=\"https:\/\/www.marksandharrison.com\/burn-injury\/\"><span style=\"font-weight: 400;\">Quemaduras<\/span><\/a><\/li>\n<\/ul>\n<p><span style=\"font-weight: 400;\">Las lesiones en la cabeza se encuentran entre las causas principales de muerte por accidente de motocicleta, a pesar de que la ley de Virginia exige que todos los conductores de motocicleta y los pasajeros usen cascos.<\/span><\/p>\n<h2><b>\u00bfCu\u00e1les son las causas comunes de accidentes de motocicleta en Richmond?<\/b><\/h2>\n<p><span style=\"font-weight: 400;\"><img loading=\"lazy\" decoding=\"async\" class=\"alignleft wp-image-810158 size-medium\" src=\"https:\/\/www.marksandharrison.com\/wp-content\/uploads\/2020\/05\/motorcycle-accidents1-300x200.jpg\" alt=\"Paramedics attending to a motorcycle accident victim on a road in Virginia. \" width=\"300\" height=\"200\" srcset=\"https:\/\/marksandharrison-old.cwdevelop.com\/wp-content\/uploads\/2020\/05\/motorcycle-accidents1-300x200.jpg 300w, https:\/\/marksandharrison-old.cwdevelop.com\/wp-content\/uploads\/2020\/05\/motorcycle-accidents1.jpg 500w\" sizes=\"auto, (max-width: 300px) 100vw, 300px\" \/>Las investigaciones han revelado que la mayor\u00eda de los choques no son culpa del motociclista, sino de otros conductores. La edici\u00f3n de 2007 de Virginia Traffic Crash Facts establece que en el 40% de los accidentes que involucran motocicletas, no hubo infracci\u00f3n por parte del motociclista. Las inclemencias del tiempo tampoco son un factor principal. En el 97% de los accidentes de motocicleta reportados, el clima estaba despejado o nublado. Los factores comunes de accidentes de motocicleta incluyen lo siguiente:<\/span><\/p>\n<ul>\n<li aria-level=\"1\"><b>Los conductores simplemente no ven las motocicletas. <\/b><span style=\"font-weight: 400;\">Los automovilistas buscan veh\u00edculos para m\u00e1s pasajeros y, a menudo, no ven motocicletas mucho m\u00e1s peque\u00f1as en el tr\u00e1fico. Muchos accidentes ocurren cuando los conductores giran a la izquierda hacia las motocicletas que se aproximan, o cuando salen de los caminos de entrada, los estacionamientos, o de las calles laterales directamente en el camino de las motocicletas.\u00a0\u00a0<\/span><\/li>\n<\/ul>\n<ul>\n<li aria-level=\"1\"><b>Los conductores no miran hacia los lados para detectar puntos ciegos. <\/b><span style=\"font-weight: 400;\">Al ser m\u00e1s peque\u00f1as que los veh\u00edculos de pasajeros, las motocicletas pueden f\u00e1cilmente desaparecer en el punto ciego de un conductor. Un automovilista que no mira hacia los lados puede cortarle el paso a una motocicleta en el proceso de cambiar de carril. <\/span><\/li>\n<li aria-level=\"1\"><b>Los conductores juzgan mal la velocidad de las motocicletas. <\/b>Como las motocicletas son m\u00e1s peque\u00f1as que los autos, SUVs o camionetas pickup, es un error<b> <\/b>com\u00fan que los conductores juzguen mal su velocidad, cambiar de carril en ellas, o salir enfrente de ellas. <b>\u00a0<\/b><\/li>\n<\/ul>\n<ul>\n<li aria-level=\"1\"><b>Los conductores siguen a las motocicletas muy de cerca. <\/b><span style=\"font-weight: 400;\">Las motocicletas pueden detenerse m\u00e1s r\u00e1pido que los veh\u00edculos de pasajeros, y los conductores a menudo suelen seguirlos demasiado cerca, lo que aumenta las posibilidades de un choque trasero.\u00a0<\/span><\/li>\n<\/ul>\n<ul>\n<li aria-level=\"1\"><b>Conducir en estado de ebriedad. <\/b><span style=\"font-weight: 400;\">De acuerdo con la Administraci\u00f3n Nacional de Seguridad del Tr\u00e1fico en las Carreteras, el consumo de alcohol fue un factor en 1,296 accidentes fatales de motocicletas en 2013.<\/span><\/li>\n<\/ul>\n<ul>\n<li aria-level=\"1\"><b>Conducir distra\u00eddo. <\/b><span style=\"font-weight: 400;\">Los conductores que se distraen de la importante tarea de operar un veh\u00edculo motorizado por cualquier\u00a0 cosa son un peligro para los dem\u00e1s en la carretera, incluyendo los motociclistas. Mandar mensajes de texto mientras maneja es extremadamente peligroso, porque requieren de atenci\u00f3n cognitiva, manual y visual por parte del conductor.\u00a0<\/span><\/li>\n<\/ul>\n<ul>\n<li aria-level=\"1\"><b>Caminos peligrosos. <\/b><span style=\"font-weight: 400;\">Baches, grietas, grava suelta, y otros defectos en carretera pueden causar accidentes para motocicletas m\u00e1s f\u00e1cilmente que para otro tipos de veh\u00edculos motorizados. <\/span><\/li>\n<li aria-level=\"1\"><b>Problemas mec\u00e1nicos o de equipo.<\/b> El dise\u00f1o defectuoso o las piezas defectuosas pueden hacer que la motocicleta en s\u00ed sea un peligro para el conductor.<\/li>\n<\/ul>\n<p><iframe loading=\"lazy\" style=\"border: 0;\" src=\"https:\/\/www.google.com\/maps\/embed?pb=!1m18!1m12!1m3!1d3161.0817706744783!2d-77.5464025!3d37.600234500000006!2m3!1f0!2f0!3f0!3m2!1i1024!2i768!4f13.1!3m3!1m2!1s0x89b114c4f15af799%3A0x3e4a74cde1fa3340!2sMarks%20%26%20Harrison%20-%20Personal%20Injury%20Attorney%20-%20Richmond!5e0!3m2!1sen!2sus!4v1680529458447!5m2!1sen!2sus\" width=\"600\" height=\"450\" allowfullscreen=\"allowfullscreen\"><\/iframe><\/p>\n<h2><b>\u00bfQu\u00e9 da\u00f1os puedo tener despu\u00e9s de un accidente de motocicleta en Richmond, VA?<\/b><\/h2>\n<p><span style=\"font-weight: 400;\"><img loading=\"lazy\" decoding=\"async\" class=\"alignright wp-image-810160 size-medium\" src=\"https:\/\/www.marksandharrison.com\/wp-content\/uploads\/2020\/05\/dangers-of-motorcycle-crashes-300x200.jpg\" alt=\"A moped that has been struck by a car. \" width=\"300\" height=\"200\" srcset=\"https:\/\/marksandharrison-old.cwdevelop.com\/wp-content\/uploads\/2020\/05\/dangers-of-motorcycle-crashes-300x200.jpg 300w, https:\/\/marksandharrison-old.cwdevelop.com\/wp-content\/uploads\/2020\/05\/dangers-of-motorcycle-crashes.jpg 500w\" sizes=\"auto, (max-width: 300px) 100vw, 300px\" \/>En la mayor\u00eda de los accidentes que involucran motocicletas, el conductor de otro veh\u00edculo motorizado simplemente no <\/span><span style=\"font-weight: 400;\">vio la motocicleta. Sin embargo, los conductores negligentes deben rendir cuentas por los da\u00f1os que causaron, y los pasajeros lesionados tienen derecho a una compensaci\u00f3n completa y justa. Si usted ha sido lastimado en un accidente de motocicleta causado por un conductor negligente, puede tener derecho a una compensaci\u00f3n por:<\/span><\/p>\n<ul>\n<li style=\"font-weight: 400;\" aria-level=\"1\"><span style=\"font-weight: 400;\">Gastos m\u00e9dicos<\/span><\/li>\n<li style=\"font-weight: 400;\" aria-level=\"1\"><span style=\"font-weight: 400;\">Salarios perdidos, pasados y futuros<\/span><\/li>\n<li style=\"font-weight: 400;\" aria-level=\"1\"><span style=\"font-weight: 400;\">Deterioro de la capacidad de la ganancia<\/span><\/li>\n<li style=\"font-weight: 400;\" aria-level=\"1\"><span style=\"font-weight: 400;\">Dolor y sufrimiento, tanto f\u00edsico como emocional<\/span><\/li>\n<li style=\"font-weight: 400;\" aria-level=\"1\"><span style=\"font-weight: 400;\">Angustia mental<\/span><\/li>\n<li style=\"font-weight: 400;\" aria-level=\"1\"><span style=\"font-weight: 400;\">Desfiguraci\u00f3n y cicatrizaci\u00f3n<\/span><\/li>\n<li style=\"font-weight: 400;\" aria-level=\"1\"><span style=\"font-weight: 400;\">P\u00e9rdida de consorcio<\/span><\/li>\n<li style=\"font-weight: 400;\" aria-level=\"1\"><span style=\"font-weight: 400;\">Da\u00f1os punitivos (en algunos casos)<\/span><\/li>\n<\/ul>\n<p><iframe loading=\"lazy\" title=\"YouTube video player\" src=\"https:\/\/www.youtube.com\/embed\/FO6h2O16S_I?rel=0\" width=\"100%\" height=\"435\" frameborder=\"0\" allowfullscreen=\"allowfullscreen\"><span data-mce-type=\"bookmark\" style=\"display: inline-block; width: 0px; overflow: hidden; line-height: 0;\" class=\"mce_SELRES_start\">\ufeff<\/span><\/iframe><\/p>\n<h2><b>Asesoramiento legal para las v\u00edctimas de accidentes de motocicleta en Virginia<\/b><\/h2>\n<p><span style=\"font-weight: 400;\">Los abogados de accidente de motocicleta en Richmond del bufete de abogados de <a href=\"https:\/\/www.marksandharrison.com\/es\/sobre-marks-harrison\/\">Marks &amp; Harrison<\/a> han representado a docenas de v\u00edctimas de accidentes de motocicleta. En un caso inusual, pudimos obtener $120,000 para nuestro cliente en compensaci\u00f3n por una fractura de rodilla despu\u00e9s de que su instructor de motocicletas la sobresalt\u00f3 durante una clase de entrenamiento. Los abogados de accidentes de motocicleta de Marks &amp; Harrison han representado a personas lesionadas y a sus familias en Richmond y en todo Virginia durante casi 100 a\u00f1os. Si usted o un ser querido ha sido lesionado en un accidente de motocicleta, o si ha perdido a un ser querido en un accidente, cont\u00e1ctenos por una consulta gratuita, sin compromiso y confidencial. Nuestros <\/span><span style=\"font-weight: 400;\">abogados expertos en lesiones personales<\/span><span style=\"font-weight: 400;\"> en Virginia analizar\u00e1 su caso y le aconsejar\u00e1 si tiene derecho a una compensaci\u00f3n. Si creemos que no necesita un abogado, se lo diremos inmediatamente. <a href=\"https:\/\/www.marksandharrison.com\/es\/contacto\/\">Cont\u00e1ctenos hoy<\/a> llamando sin cargo al 1-888-807-3136. Nuestros tel\u00e9fonos se responden las 24 horas del d\u00eda, los 7 d\u00edas de la semana.\u00a0<\/span><span style=\"font-weight: 400;\">Tambi\u00e9n puede obtener ayuda en l\u00ednea al llenar nuestro formulario de evaluaci\u00f3n de caso gratuito. <a href=\"https:\/\/www.marksandharrison.com\/es\/\">Nuestros <\/a><\/span><span style=\"font-weight: 400;\">abogados de lesiones personales de Richmond<\/span><span style=\"font-weight: 400;\"> pueden ayudar.\u00a0<\/span><\/p>\n<p><span style=\"font-weight: 400;\">Fuentes:<\/span><\/p>\n<p><span style=\"font-weight: 400;\">NHTS: <\/span><a href=\"http:\/\/www-nrd.nhtsa.dot.gov\/Pubs\/812101.pdf\"><span style=\"font-weight: 400;\">Accidentes de veh\u00edculos motorizados de 2013: Vista general<\/span><\/a><\/p>\n","protected":false},"excerpt":{"rendered":"<p>El encanto de la carretera abierta ha atra\u00eddo a muchas personas a la libertad que ofrecen las motocicletas. Puede encontrar hoy m\u00e1s motocicletas en las carreteras de los Estados Unidos que antes, como lo demuestra el incremento constante de las matriculaciones de motocicletas.\u00a0 Durante el lapso de 10 a\u00f1os m\u00e1s&#8230;<\/p>\n","protected":false},"author":69,"featured_media":910389,"parent":0,"menu_order":0,"comment_status":"closed","ping_status":"closed","template":"","meta":{"_acf_changed":false,"footnotes":""},"class_list":["post-910388","page","type-page","status-publish","has-post-thumbnail","hentry"],"acf":[],"yoast_head":"<!-- This site is optimized with the Yoast SEO plugin v27.2 - https:\/\/yoast.com\/product\/yoast-seo-wordpress\/ -->\n<title>Abogado de Accidentes de Motocicleta en Richmond - Marks &amp; Harrison<\/title>\n<meta name=\"description\" content=\"Si usted o un ser querido ha resultado lesionado en un accidente de motocicleta, comun\u00edquese hoy con nuestros abogados de accidentes de motocicleta en Richmond, Virginia en Marks &amp; Harrison para una consulta inicial gratuita.\" \/>\n<meta name=\"robots\" content=\"noindex, follow, max-snippet:-1, max-image-preview:large, max-video-preview:-1\" \/>\n<meta property=\"og:locale\" content=\"es_ES\" \/>\n<meta property=\"og:type\" content=\"article\" \/>\n<meta property=\"og:title\" content=\"Abogado de Accidentes de Motocicleta en Richmond - Marks &amp; Harrison\" \/>\n<meta property=\"og:description\" content=\"Si usted o un ser querido ha resultado lesionado en un accidente de motocicleta, comun\u00edquese hoy con nuestros abogados de accidentes de motocicleta en Richmond, Virginia en Marks &amp; Harrison para una consulta inicial gratuita.\" \/>\n<meta property=\"og:url\" content=\"https:\/\/marksandharrison-old.cwdevelop.com\/es\/accidentes-de-motocicleta\/\" \/>\n<meta property=\"og:site_name\" content=\"Marks &amp; Harrison\" \/>\n<meta property=\"article:publisher\" content=\"https:\/\/www.facebook.com\/marksandharrison\/\" \/>\n<meta property=\"article:modified_time\" content=\"2026-03-11T16:56:56+00:00\" \/>\n<meta property=\"og:image\" content=\"https:\/\/marksandharrison-old.cwdevelop.com\/wp-content\/uploads\/2020\/05\/motorcycle-accidents.jpg\" \/>\n\t<meta property=\"og:image:width\" content=\"500\" \/>\n\t<meta property=\"og:image:height\" content=\"331\" \/>\n\t<meta property=\"og:image:type\" content=\"image\/jpeg\" \/>\n<meta name=\"twitter:card\" content=\"summary_large_image\" \/>\n<meta name=\"twitter:site\" content=\"@MandHLaw\" \/>\n<meta name=\"twitter:label1\" content=\"Tiempo de lectura\" \/>\n\t<meta name=\"twitter:data1\" content=\"6 minutos\" \/>\n<!-- \/ Yoast SEO plugin. -->","yoast_head_json":{"title":"Abogado de Accidentes de Motocicleta en Richmond - Marks & Harrison","description":"Si usted o un ser querido ha resultado lesionado en un accidente de motocicleta, comun\u00edquese hoy con nuestros abogados de accidentes de motocicleta en Richmond, Virginia en Marks & Harrison para una consulta inicial gratuita.","robots":{"index":"noindex","follow":"follow","max-snippet":"max-snippet:-1","max-image-preview":"max-image-preview:large","max-video-preview":"max-video-preview:-1"},"og_locale":"es_ES","og_type":"article","og_title":"Abogado de Accidentes de Motocicleta en Richmond - Marks & Harrison","og_description":"Si usted o un ser querido ha resultado lesionado en un accidente de motocicleta, comun\u00edquese hoy con nuestros abogados de accidentes de motocicleta en Richmond, Virginia en Marks & Harrison para una consulta inicial gratuita.","og_url":"https:\/\/marksandharrison-old.cwdevelop.com\/es\/accidentes-de-motocicleta\/","og_site_name":"Marks &amp; Harrison","article_publisher":"https:\/\/www.facebook.com\/marksandharrison\/","article_modified_time":"2026-03-11T16:56:56+00:00","og_image":[{"width":500,"height":331,"url":"https:\/\/marksandharrison-old.cwdevelop.com\/wp-content\/uploads\/2020\/05\/motorcycle-accidents.jpg","type":"image\/jpeg"}],"twitter_card":"summary_large_image","twitter_site":"@MandHLaw","twitter_misc":{"Tiempo de lectura":"6 minutos"},"schema":{"@context":"https:\/\/schema.org","@graph":[{"@type":"WebPage","@id":"https:\/\/marksandharrison-old.cwdevelop.com\/es\/accidentes-de-motocicleta\/","url":"https:\/\/marksandharrison-old.cwdevelop.com\/es\/accidentes-de-motocicleta\/","name":"Abogado de Accidentes de Motocicleta en Richmond - Marks & Harrison","isPartOf":{"@id":"https:\/\/marksandharrison-old.cwdevelop.com\/#website"},"primaryImageOfPage":{"@id":"https:\/\/marksandharrison-old.cwdevelop.com\/es\/accidentes-de-motocicleta\/#primaryimage"},"image":{"@id":"https:\/\/marksandharrison-old.cwdevelop.com\/es\/accidentes-de-motocicleta\/#primaryimage"},"thumbnailUrl":"https:\/\/marksandharrison-old.cwdevelop.com\/wp-content\/uploads\/2020\/05\/motorcycle-accidents.jpg","datePublished":"2025-04-29T16:41:57+00:00","dateModified":"2026-03-11T16:56:56+00:00","description":"Si usted o un ser querido ha resultado lesionado en un accidente de motocicleta, comun\u00edquese hoy con nuestros abogados de accidentes de motocicleta en Richmond, Virginia en Marks & Harrison para una consulta inicial gratuita.","breadcrumb":{"@id":"https:\/\/marksandharrison-old.cwdevelop.com\/es\/accidentes-de-motocicleta\/#breadcrumb"},"inLanguage":"es","potentialAction":[{"@type":"ReadAction","target":["https:\/\/marksandharrison-old.cwdevelop.com\/es\/accidentes-de-motocicleta\/"]}]},{"@type":"ImageObject","inLanguage":"es","@id":"https:\/\/marksandharrison-old.cwdevelop.com\/es\/accidentes-de-motocicleta\/#primaryimage","url":"https:\/\/marksandharrison-old.cwdevelop.com\/wp-content\/uploads\/2020\/05\/motorcycle-accidents.jpg","contentUrl":"https:\/\/marksandharrison-old.cwdevelop.com\/wp-content\/uploads\/2020\/05\/motorcycle-accidents.jpg","width":500,"height":331,"caption":"Man injured in motorcycle accident on road in Richmond, VA"},{"@type":"BreadcrumbList","@id":"https:\/\/marksandharrison-old.cwdevelop.com\/es\/accidentes-de-motocicleta\/#breadcrumb","itemListElement":[{"@type":"ListItem","position":1,"name":"Home","item":"https:\/\/marksandharrison-old.cwdevelop.com\/es\/"},{"@type":"ListItem","position":2,"name":"Abogado de Accidente de Motocicleta en Richmond"}]},{"@type":"WebSite","@id":"https:\/\/marksandharrison-old.cwdevelop.com\/#website","url":"https:\/\/marksandharrison-old.cwdevelop.com\/","name":"Marks &amp; Harrison","description":"","publisher":{"@id":"https:\/\/marksandharrison-old.cwdevelop.com\/#organization"},"potentialAction":[{"@type":"SearchAction","target":{"@type":"EntryPoint","urlTemplate":"https:\/\/marksandharrison-old.cwdevelop.com\/?s={search_term_string}"},"query-input":{"@type":"PropertyValueSpecification","valueRequired":true,"valueName":"search_term_string"}}],"inLanguage":"es"},{"@type":"Organization","@id":"https:\/\/marksandharrison-old.cwdevelop.com\/#organization","name":"Marks & Harrison","url":"https:\/\/marksandharrison-old.cwdevelop.com\/","logo":{"@type":"ImageObject","inLanguage":"es","@id":"https:\/\/marksandharrison-old.cwdevelop.com\/#\/schema\/logo\/image\/","url":"https:\/\/www.marksandharrison.com\/wp-content\/uploads\/2020\/04\/logo.png","contentUrl":"https:\/\/www.marksandharrison.com\/wp-content\/uploads\/2020\/04\/logo.png","width":224,"height":83,"caption":"Marks & Harrison"},"image":{"@id":"https:\/\/marksandharrison-old.cwdevelop.com\/#\/schema\/logo\/image\/"},"sameAs":["https:\/\/www.facebook.com\/marksandharrison\/","https:\/\/x.com\/MandHLaw","https:\/\/www.linkedin.com\/company\/marks-&amp;-harrison\/","https:\/\/www.youtube.com\/channel\/UCRi1kc4BH8gI0V9M56V6WJw"]}]}},"_links":{"self":[{"href":"https:\/\/marksandharrison-old.cwdevelop.com\/es\/wp-json\/wp\/v2\/pages\/910388","targetHints":{"allow":["GET"]}}],"collection":[{"href":"https:\/\/marksandharrison-old.cwdevelop.com\/es\/wp-json\/wp\/v2\/pages"}],"about":[{"href":"https:\/\/marksandharrison-old.cwdevelop.com\/es\/wp-json\/wp\/v2\/types\/page"}],"author":[{"embeddable":true,"href":"https:\/\/marksandharrison-old.cwdevelop.com\/es\/wp-json\/wp\/v2\/users\/69"}],"replies":[{"embeddable":true,"href":"https:\/\/marksandharrison-old.cwdevelop.com\/es\/wp-json\/wp\/v2\/comments?post=910388"}],"version-history":[{"count":3,"href":"https:\/\/marksandharrison-old.cwdevelop.com\/es\/wp-json\/wp\/v2\/pages\/910388\/revisions"}],"predecessor-version":[{"id":918672,"href":"https:\/\/marksandharrison-old.cwdevelop.com\/es\/wp-json\/wp\/v2\/pages\/910388\/revisions\/918672"}],"wp:featuredmedia":[{"embeddable":true,"href":"https:\/\/marksandharrison-old.cwdevelop.com\/es\/wp-json\/wp\/v2\/media\/910389"}],"wp:attachment":[{"href":"https:\/\/marksandharrison-old.cwdevelop.com\/es\/wp-json\/wp\/v2\/media?parent=910388"}],"curies":[{"name":"wp","href":"https:\/\/api.w.org\/{rel}","templated":true}]}}